{"id":3031,"date":"2019-12-12T09:30:54","date_gmt":"2019-12-12T14:30:54","guid":{"rendered":"https:\/\/andeantc.com\/lgbt\/?page_id=3031"},"modified":"2023-10-03T11:59:28","modified_gmt":"2023-10-03T16:59:28","slug":"casona","status":"publish","type":"page","link":"https:\/\/andeantc.com\/lgbt\/casona\/","title":{"rendered":"Hotel Casona de la Ronda"},"content":{"rendered":"<p>[vc_row 0=&#8221;&#8221; full_width=&#8221;stretch_row_content_no_spaces&#8221; css=&#8221;.vc_custom_1696352288405{padding-top: 12% !important;}&#8221;][vc_column 0=&#8221;&#8221;]<div class=\"ult-new-ib ult-ib-effect-style1  ult-ib-resp  \" data-min-width=\"768\" data-max-width=\"900\" style=\"\" data-opacity=\"1\" data-hover-opacity=\"1\" ><img decoding=\"async\" class=\"ult-new-ib-img\" style=\"opacity:1;\" alt=\"null\" src=\"https:\/\/andeantc.com\/lgbt\/wp-content\/uploads\/2018\/12\/banners-casona2.jpg\"   \/><div id=\"interactive-banner-wrap-8871\" class=\"ult-new-ib-desc\" style=\"\"><h2 class=\"ult-new-ib-title ult-responsive\"  data-ultimate-target='#interactive-banner-wrap-8871 .ult-new-ib-title'  data-responsive-json-new='{\"font-size\":\"\",\"line-height\":\"\"}'  style=\"font-weight:normal;\"><\/h2><\/div><\/div>[\/vc_column][\/vc_row][vc_row 0=&#8221;&#8221; full_width=&#8221;stretch_row_content&#8221; css=&#8221;.vc_custom_1543861825117{padding-right: 15% !important;padding-left: 15% !important;}&#8221;][vc_column width=&#8221;1\/6&#8243;][\/vc_column][vc_column width=&#8221;2\/3&#8243;][vc_column_text css_animation=&#8221;fadeInUp&#8221;]<\/p>\r\n<p style=\"text-align: center;\"><span style=\"color: #999999;\">Al entrar por la puerta principal de madera &#8230; tambi\u00e9n ingresa a la historia ecuatoriana. &#8220;\u00danico Hotel Boutique ubicado en una de las casas m\u00e1s antiguas de Espa\u00f1a llamada &#8220;Las Corralas&#8221;, construida originalmente en 1738 en el Centro Hist\u00f3rico de Quito&#8221;<\/span><\/p>\r\n<p>[\/vc_column_text][\/vc_column][vc_column width=&#8221;1\/6&#8243;][\/vc_column][\/vc_row][vc_row full_width=&#8221;stretch_row_content&#8221; parallax=&#8221;content-moving-fade&#8221; parallax_image=&#8221;1288&#8243; css=&#8221;.vc_custom_1696352335991{padding-top: 5% !important;padding-right: 10% !important;padding-bottom: 5% !important;padding-left: 10% !important;}&#8221;][vc_column width=&#8221;1\/5&#8243;][\/vc_column][vc_column width=&#8221;1\/5&#8243;]<div class=\"widget-icon-box widget-icon-box-base iconbox-center wpb_animate_when_almost_visible wpb_bottom-to-top bottom-to-top\"><div class=\"box-icon icon-image \" style=\"width:thumbnailpx\"><img decoding=\"async\" src=\"https:\/\/andeantc.com\/lgbt\/wp-content\/uploads\/2018\/08\/icon-guest-e1536782755611.png\" alt=\"\"><\/div><div class=\"content-inner\" ><div class=\"sc-heading article_heading\"><h4 style=\"color:#ffffff\" class=\"heading__primary\">GUEST<\/h4><\/div><\/div><\/div>[vc_separator color=&#8221;white&#8221; el_width=&#8221;50&#8243; css_animation=&#8221;bottom-to-top&#8221;][vc_custom_heading text=&#8221;51&#8243; font_container=&#8221;tag:h2|font_size:50px|text_align:center|color:%23ffffff&#8221; google_fonts=&#8221;font_family:Poiret%20One%3Aregular|font_style:400%20regular%3A400%3Anormal&#8221; css_animation=&#8221;bounceIn&#8221;][\/vc_column][vc_column width=&#8221;1\/5&#8243;]<div class=\"widget-icon-box widget-icon-box-base iconbox-center wpb_animate_when_almost_visible wpb_bottom-to-top bottom-to-top\"><div class=\"box-icon icon-image \" style=\"width:thumbnailpx\"><img decoding=\"async\" src=\"https:\/\/andeantc.com\/lgbt\/wp-content\/uploads\/2018\/09\/icon-bed-e1536782358466.png\" alt=\"\"><\/div><div class=\"content-inner\" ><div class=\"sc-heading article_heading\"><h4 style=\"color:#ffffff\" class=\"heading__primary\">ROOMS<\/h4><\/div><\/div><\/div>[vc_separator color=&#8221;white&#8221; el_width=&#8221;50&#8243; css_animation=&#8221;bottom-to-top&#8221;][vc_custom_heading text=&#8221;22&#8243; font_container=&#8221;tag:h2|font_size:50px|text_align:center|color:%23ffffff&#8221; google_fonts=&#8221;font_family:Poiret%20One%3Aregular|font_style:400%20regular%3A400%3Anormal&#8221; css_animation=&#8221;bounceIn&#8221;][\/vc_column][vc_column width=&#8221;1\/5&#8243;]<div class=\"widget-icon-box widget-icon-box-base iconbox-center wpb_animate_when_almost_visible wpb_bottom-to-top bottom-to-top\"><div class=\"box-icon icon-image \" style=\"width:thumbnailpx\"><img decoding=\"async\" src=\"https:\/\/andeantc.com\/lgbt\/wp-content\/uploads\/2019\/12\/icon-clock.png\" alt=\"\"><\/div><div class=\"content-inner\" ><div class=\"sc-heading article_heading\"><h4 style=\"color:#ffffff\" class=\"heading__primary\">HOURS<\/h4><\/div><\/div><\/div>[vc_separator color=&#8221;white&#8221; el_width=&#8221;50&#8243; css_animation=&#8221;bottom-to-top&#8221;][vc_custom_heading text=&#8221;24\/7&#8243; font_container=&#8221;tag:h2|font_size:50px|text_align:center|color:%23ffffff&#8221; google_fonts=&#8221;font_family:Poiret%20One%3Aregular|font_style:400%20regular%3A400%3Anormal&#8221; css_animation=&#8221;bounceIn&#8221;][\/vc_column][vc_column width=&#8221;1\/5&#8243;][\/vc_column][\/vc_row][vc_row 0=&#8221;&#8221; full_width=&#8221;stretch_row_content_no_spaces&#8221; parallax=&#8221;content-moving-fade&#8221; css=&#8221;.vc_custom_1543855922114{padding-right: 10% !important;padding-left: 10% !important;background-color: #f9f9f9 !important;}&#8221;][vc_column css=&#8221;.vc_custom_1536613953465{padding-right: 5% !important;padding-left: 5% !important;}&#8221;][vc_row_inner][vc_column_inner][vc_empty_space height=&#8221;10px&#8221; css=&#8221;.vc_custom_1576099712568{padding-right: 5% !important;padding-left: 5% !important;}&#8221;][\/vc_column_inner][\/vc_row_inner][vc_row_inner css=&#8221;.vc_custom_1536089384894{padding-right: 5% !important;padding-left: 5% !important;}&#8221;][vc_column_inner][vc_custom_heading text=&#8221;Gallery&#8221; font_container=&#8221;tag:h2|font_size:40pt|text_align:center|color:%23968c83&#8243; google_fonts=&#8221;font_family:Poiret%20One%3Aregular|font_style:400%20regular%3A400%3Anormal&#8221; css_animation=&#8221;fadeInUp&#8221;][vc_empty_space][\/vc_column_inner][vc_column_inner]<div class=\"sc-gallery wrapper_gallery wpb_animate_when_almost_visible wpb_appear appear\"><div class=\"row content_gallery\"><div class=\"col-sm-3 gallery_item-wrap \"><a href=\"https:\/\/andeantc.com\/lgbt\/wp-content\/uploads\/2018\/12\/casona-suite.jpg\" class=\"swipebox\" title=\"casona-suite\">\n\t\t\t\t\t<img decoding=\"async\" src=\"https:\/\/andeantc.com\/lgbt\/wp-content\/uploads\/2018\/12\/casona-suite-370x260.jpg\" alt=\"casona-suite\">\n\t\t\t\t\t<span class=\"gallery-item\"><h4 class=\"title\">casona-suite<\/h4><\/span>\n\t\t\t\t<\/a><\/div><div class=\"col-sm-3 gallery_item-wrap \"><a href=\"https:\/\/andeantc.com\/lgbt\/wp-content\/uploads\/2018\/12\/casona-lounge.jpg\" class=\"swipebox\" title=\"casona-lounge\">\n\t\t\t\t\t<img decoding=\"async\" src=\"https:\/\/andeantc.com\/lgbt\/wp-content\/uploads\/2018\/12\/casona-lounge-370x260.jpg\" alt=\"casona-lounge\">\n\t\t\t\t\t<span class=\"gallery-item\"><h4 class=\"title\">casona-lounge<\/h4><\/span>\n\t\t\t\t<\/a><\/div><div class=\"col-sm-3 gallery_item-wrap \"><a href=\"https:\/\/andeantc.com\/lgbt\/wp-content\/uploads\/2018\/12\/casona-interior.jpg\" class=\"swipebox\" title=\"casona-interior\">\n\t\t\t\t\t<img decoding=\"async\" src=\"https:\/\/andeantc.com\/lgbt\/wp-content\/uploads\/2018\/12\/casona-interior-370x260.jpg\" alt=\"casona-interior\">\n\t\t\t\t\t<span class=\"gallery-item\"><h4 class=\"title\">casona-interior<\/h4><\/span>\n\t\t\t\t<\/a><\/div><div class=\"col-sm-3 gallery_item-wrap \"><a href=\"https:\/\/andeantc.com\/lgbt\/wp-content\/uploads\/2018\/12\/casona-hall.jpg\" class=\"swipebox\" title=\"casona-hall\">\n\t\t\t\t\t<img decoding=\"async\" src=\"https:\/\/andeantc.com\/lgbt\/wp-content\/uploads\/2018\/12\/casona-hall-370x260.jpg\" alt=\"casona-hall\">\n\t\t\t\t\t<span class=\"gallery-item\"><h4 class=\"title\">casona-hall<\/h4><\/span>\n\t\t\t\t<\/a><\/div><div class=\"col-sm-3 gallery_item-wrap \"><a href=\"https:\/\/andeantc.com\/lgbt\/wp-content\/uploads\/2018\/12\/casona-double.jpg\" class=\"swipebox\" title=\"casona-double\">\n\t\t\t\t\t<img decoding=\"async\" src=\"https:\/\/andeantc.com\/lgbt\/wp-content\/uploads\/2018\/12\/casona-double-370x260.jpg\" alt=\"casona-double\">\n\t\t\t\t\t<span class=\"gallery-item\"><h4 class=\"title\">casona-double<\/h4><\/span>\n\t\t\t\t<\/a><\/div><div class=\"col-sm-3 gallery_item-wrap \"><a href=\"https:\/\/andeantc.com\/lgbt\/wp-content\/uploads\/2018\/12\/casona-dining.jpg\" class=\"swipebox\" title=\"casona-dining\">\n\t\t\t\t\t<img decoding=\"async\" src=\"https:\/\/andeantc.com\/lgbt\/wp-content\/uploads\/2018\/12\/casona-dining-370x260.jpg\" alt=\"casona-dining\">\n\t\t\t\t\t<span class=\"gallery-item\"><h4 class=\"title\">casona-dining<\/h4><\/span>\n\t\t\t\t<\/a><\/div><div class=\"col-sm-3 gallery_item-wrap \"><a href=\"https:\/\/andeantc.com\/lgbt\/wp-content\/uploads\/2018\/12\/casona-bathroom.jpg\" class=\"swipebox\" title=\"casona-bathroom\">\n\t\t\t\t\t<img decoding=\"async\" src=\"https:\/\/andeantc.com\/lgbt\/wp-content\/uploads\/2018\/12\/casona-bathroom-370x260.jpg\" alt=\"casona-bathroom\">\n\t\t\t\t\t<span class=\"gallery-item\"><h4 class=\"title\">casona-bathroom<\/h4><\/span>\n\t\t\t\t<\/a><\/div><div class=\"col-sm-3 gallery_item-wrap \"><a href=\"https:\/\/andeantc.com\/lgbt\/wp-content\/uploads\/2018\/12\/casona-balconies.jpg\" class=\"swipebox\" title=\"casona-balconies\">\n\t\t\t\t\t<img decoding=\"async\" src=\"https:\/\/andeantc.com\/lgbt\/wp-content\/uploads\/2018\/12\/casona-balconies-370x260.jpg\" alt=\"casona-balconies\">\n\t\t\t\t\t<span class=\"gallery-item\"><h4 class=\"title\">casona-balconies<\/h4><\/span>\n\t\t\t\t<\/a><\/div><\/div><\/div>[\/vc_column_inner][\/vc_row_inner][\/vc_column][\/vc_row]<\/p>\r\n","protected":false},"excerpt":{"rendered":"<p>[vc_row 0=&#8221;&#8221; full_width=&#8221;stretch_row_content_no_spaces&#8221; css=&#8221;.vc_custom_1696352288405{padding-top: 12% !important;}&#8221;][vc_column 0=&#8221;&#8221;][\/vc_column][\/vc_row][vc_row 0=&#8221;&#8221; full_width=&#8221;stretch_row_content&#8221; css=&#8221;.vc_custom_1543861825117{padding-right: 15% !important;padding-left: 15% !important;}&#8221;][vc_column width=&#8221;1\/6&#8243;][\/vc_column][vc_column width=&#8221;2\/3&#8243;][vc_column_text css_animation=&#8221;fadeInUp&#8221;]<br \/>\nAl entrar por la puerta principal de madera &#8230; tambi\u00e9n ingresa a la <\/p>\n","protected":false},"author":4,"featured_media":0,"parent":0,"menu_order":0,"comment_status":"closed","ping_status":"closed","template":"page-templates\/homepage.php","meta":{"footnotes":""},"class_list":["post-3031","page","type-page","status-publish","hentry"],"yoast_head":"<!-- This site is optimized with the Yoast SEO plugin v26.6 - https:\/\/yoast.com\/wordpress\/plugins\/seo\/ -->\n<title>Hotel Casona de la Ronda - ATC Traveling Proud<\/title>\n<meta name=\"robots\" content=\"index, follow, max-snippet:-1, max-image-preview:large, max-video-preview:-1\" \/>\n<link rel=\"canonical\" href=\"https:\/\/andeantc.com\/lgbt\/casona\/\" \/>\n<meta property=\"og:locale\" content=\"en_US\" \/>\n<meta property=\"og:type\" content=\"article\" \/>\n<meta property=\"og:title\" content=\"Hotel Casona de la Ronda - ATC Traveling Proud\" \/>\n<meta property=\"og:description\" content=\"[vc_row 0=&#8221;&#8221; full_width=&#8221;stretch_row_content_no_spaces&#8221; css=&#8221;.vc_custom_1696352288405{padding-top: 12% !important;}&#8221;][vc_column 0=&#8221;&#8221;][\/vc_column][\/vc_row][vc_row 0=&#8221;&#8221; full_width=&#8221;stretch_row_content&#8221; css=&#8221;.vc_custom_1543861825117{padding-right: 15% !important;padding-left: 15% !important;}&#8221;][vc_column width=&#8221;1\/6&#8243;][\/vc_column][vc_column width=&#8221;2\/3&#8243;][vc_column_text css_animation=&#8221;fadeInUp&#8221;] Al entrar por la puerta principal de madera &#8230; tambi\u00e9n ingresa a la\" \/>\n<meta property=\"og:url\" content=\"https:\/\/andeantc.com\/lgbt\/casona\/\" \/>\n<meta property=\"og:site_name\" content=\"ATC Traveling Proud\" \/>\n<meta property=\"article:publisher\" content=\"https:\/\/www.facebook.com\/andean.travel.company\/\" \/>\n<meta property=\"article:modified_time\" content=\"2023-10-03T16:59:28+00:00\" \/>\n<meta name=\"twitter:card\" content=\"summary_large_image\" \/>\n<meta name=\"twitter:label1\" content=\"Est. reading time\" \/>\n\t<meta name=\"twitter:data1\" content=\"1 minute\" \/>\n<script type=\"application\/ld+json\" class=\"yoast-schema-graph\">{\"@context\":\"https:\/\/schema.org\",\"@graph\":[{\"@type\":\"WebPage\",\"@id\":\"https:\/\/andeantc.com\/lgbt\/casona\/\",\"url\":\"https:\/\/andeantc.com\/lgbt\/casona\/\",\"name\":\"Hotel Casona de la Ronda - ATC Traveling Proud\",\"isPartOf\":{\"@id\":\"https:\/\/andeantc.com\/lgbt\/#website\"},\"datePublished\":\"2019-12-12T14:30:54+00:00\",\"dateModified\":\"2023-10-03T16:59:28+00:00\",\"breadcrumb\":{\"@id\":\"https:\/\/andeantc.com\/lgbt\/casona\/#breadcrumb\"},\"inLanguage\":\"en-US\",\"potentialAction\":[{\"@type\":\"ReadAction\",\"target\":[\"https:\/\/andeantc.com\/lgbt\/casona\/\"]}]},{\"@type\":\"BreadcrumbList\",\"@id\":\"https:\/\/andeantc.com\/lgbt\/casona\/#breadcrumb\",\"itemListElement\":[{\"@type\":\"ListItem\",\"position\":1,\"name\":\"Home\",\"item\":\"https:\/\/andeantc.com\/lgbt\/\"},{\"@type\":\"ListItem\",\"position\":2,\"name\":\"Hotel Casona de la Ronda\"}]},{\"@type\":\"WebSite\",\"@id\":\"https:\/\/andeantc.com\/lgbt\/#website\",\"url\":\"https:\/\/andeantc.com\/lgbt\/\",\"name\":\"ATC Traveling Proud\",\"description\":\"LGBT+ DMC in Ecuador\",\"publisher\":{\"@id\":\"https:\/\/andeantc.com\/lgbt\/#organization\"},\"potentialAction\":[{\"@type\":\"SearchAction\",\"target\":{\"@type\":\"EntryPoint\",\"urlTemplate\":\"https:\/\/andeantc.com\/lgbt\/?s={search_term_string}\"},\"query-input\":{\"@type\":\"PropertyValueSpecification\",\"valueRequired\":true,\"valueName\":\"search_term_string\"}}],\"inLanguage\":\"en-US\"},{\"@type\":\"Organization\",\"@id\":\"https:\/\/andeantc.com\/lgbt\/#organization\",\"name\":\"ATC Traveling Proud in Ecuador\",\"url\":\"https:\/\/andeantc.com\/lgbt\/\",\"logo\":{\"@type\":\"ImageObject\",\"inLanguage\":\"en-US\",\"@id\":\"https:\/\/andeantc.com\/lgbt\/#\/schema\/logo\/image\/\",\"url\":\"https:\/\/andeantc.com\/lgbt\/wp-content\/uploads\/2024\/03\/ATC-Ecuador-traveling-proud.png\",\"contentUrl\":\"https:\/\/andeantc.com\/lgbt\/wp-content\/uploads\/2024\/03\/ATC-Ecuador-traveling-proud.png\",\"width\":1000,\"height\":684,\"caption\":\"ATC Traveling Proud in Ecuador\"},\"image\":{\"@id\":\"https:\/\/andeantc.com\/lgbt\/#\/schema\/logo\/image\/\"},\"sameAs\":[\"https:\/\/www.facebook.com\/andean.travel.company\/\"]}]}<\/script>\n<!-- \/ Yoast SEO plugin. -->","yoast_head_json":{"title":"Hotel Casona de la Ronda - ATC Traveling Proud","robots":{"index":"index","follow":"follow","max-snippet":"max-snippet:-1","max-image-preview":"max-image-preview:large","max-video-preview":"max-video-preview:-1"},"canonical":"https:\/\/andeantc.com\/lgbt\/casona\/","og_locale":"en_US","og_type":"article","og_title":"Hotel Casona de la Ronda - ATC Traveling Proud","og_description":"[vc_row 0=&#8221;&#8221; full_width=&#8221;stretch_row_content_no_spaces&#8221; css=&#8221;.vc_custom_1696352288405{padding-top: 12% !important;}&#8221;][vc_column 0=&#8221;&#8221;][\/vc_column][\/vc_row][vc_row 0=&#8221;&#8221; full_width=&#8221;stretch_row_content&#8221; css=&#8221;.vc_custom_1543861825117{padding-right: 15% !important;padding-left: 15% !important;}&#8221;][vc_column width=&#8221;1\/6&#8243;][\/vc_column][vc_column width=&#8221;2\/3&#8243;][vc_column_text css_animation=&#8221;fadeInUp&#8221;] Al entrar por la puerta principal de madera &#8230; tambi\u00e9n ingresa a la","og_url":"https:\/\/andeantc.com\/lgbt\/casona\/","og_site_name":"ATC Traveling Proud","article_publisher":"https:\/\/www.facebook.com\/andean.travel.company\/","article_modified_time":"2023-10-03T16:59:28+00:00","twitter_card":"summary_large_image","twitter_misc":{"Est. reading time":"1 minute"},"schema":{"@context":"https:\/\/schema.org","@graph":[{"@type":"WebPage","@id":"https:\/\/andeantc.com\/lgbt\/casona\/","url":"https:\/\/andeantc.com\/lgbt\/casona\/","name":"Hotel Casona de la Ronda - ATC Traveling Proud","isPartOf":{"@id":"https:\/\/andeantc.com\/lgbt\/#website"},"datePublished":"2019-12-12T14:30:54+00:00","dateModified":"2023-10-03T16:59:28+00:00","breadcrumb":{"@id":"https:\/\/andeantc.com\/lgbt\/casona\/#breadcrumb"},"inLanguage":"en-US","potentialAction":[{"@type":"ReadAction","target":["https:\/\/andeantc.com\/lgbt\/casona\/"]}]},{"@type":"BreadcrumbList","@id":"https:\/\/andeantc.com\/lgbt\/casona\/#breadcrumb","itemListElement":[{"@type":"ListItem","position":1,"name":"Home","item":"https:\/\/andeantc.com\/lgbt\/"},{"@type":"ListItem","position":2,"name":"Hotel Casona de la Ronda"}]},{"@type":"WebSite","@id":"https:\/\/andeantc.com\/lgbt\/#website","url":"https:\/\/andeantc.com\/lgbt\/","name":"ATC Traveling Proud","description":"LGBT+ DMC in Ecuador","publisher":{"@id":"https:\/\/andeantc.com\/lgbt\/#organization"},"potentialAction":[{"@type":"SearchAction","target":{"@type":"EntryPoint","urlTemplate":"https:\/\/andeantc.com\/lgbt\/?s={search_term_string}"},"query-input":{"@type":"PropertyValueSpecification","valueRequired":true,"valueName":"search_term_string"}}],"inLanguage":"en-US"},{"@type":"Organization","@id":"https:\/\/andeantc.com\/lgbt\/#organization","name":"ATC Traveling Proud in Ecuador","url":"https:\/\/andeantc.com\/lgbt\/","logo":{"@type":"ImageObject","inLanguage":"en-US","@id":"https:\/\/andeantc.com\/lgbt\/#\/schema\/logo\/image\/","url":"https:\/\/andeantc.com\/lgbt\/wp-content\/uploads\/2024\/03\/ATC-Ecuador-traveling-proud.png","contentUrl":"https:\/\/andeantc.com\/lgbt\/wp-content\/uploads\/2024\/03\/ATC-Ecuador-traveling-proud.png","width":1000,"height":684,"caption":"ATC Traveling Proud in Ecuador"},"image":{"@id":"https:\/\/andeantc.com\/lgbt\/#\/schema\/logo\/image\/"},"sameAs":["https:\/\/www.facebook.com\/andean.travel.company\/"]}]}},"_links":{"self":[{"href":"https:\/\/andeantc.com\/lgbt\/wp-json\/wp\/v2\/pages\/3031","targetHints":{"allow":["GET"]}}],"collection":[{"href":"https:\/\/andeantc.com\/lgbt\/wp-json\/wp\/v2\/pages"}],"about":[{"href":"https:\/\/andeantc.com\/lgbt\/wp-json\/wp\/v2\/types\/page"}],"author":[{"embeddable":true,"href":"https:\/\/andeantc.com\/lgbt\/wp-json\/wp\/v2\/users\/4"}],"replies":[{"embeddable":true,"href":"https:\/\/andeantc.com\/lgbt\/wp-json\/wp\/v2\/comments?post=3031"}],"version-history":[{"count":9,"href":"https:\/\/andeantc.com\/lgbt\/wp-json\/wp\/v2\/pages\/3031\/revisions"}],"predecessor-version":[{"id":5388,"href":"https:\/\/andeantc.com\/lgbt\/wp-json\/wp\/v2\/pages\/3031\/revisions\/5388"}],"wp:attachment":[{"href":"https:\/\/andeantc.com\/lgbt\/wp-json\/wp\/v2\/media?parent=3031"}],"curies":[{"name":"wp","href":"https:\/\/api.w.org\/{rel}","templated":true}]}}